{"id":1273,"date":"2021-05-24T14:49:48","date_gmt":"2021-05-24T14:49:48","guid":{"rendered":"https:\/\/plankenauer.ch\/?page_id=1273"},"modified":"2024-11-07T09:09:31","modified_gmt":"2024-11-07T09:09:31","slug":"impressum-2","status":"publish","type":"page","link":"https:\/\/plankenauer.ch\/en\/impressum-2\/","title":{"rendered":"Datenschutzerkl\u00e4rung GmbH"},"content":{"rendered":"<div data-elementor-type=\"wp-page\" data-elementor-id=\"1273\" class=\"elementor elementor-1273\" data-elementor-post-type=\"page\">\n\t\t\t\t\t\t<section class=\"elementor-section elementor-top-section elementor-element elementor-element-76c3165 elementor-section-content-middle elementor-section-boxed elementor-section-height-default elementor-section-height-default\" data-id=\"76c3165\" data-element_type=\"section\" data-e-type=\"section\" data-settings=\"{&quot;background_background&quot;:&quot;classic&quot;}\">\n\t\t\t\t\t\t<div class=\"elementor-container elementor-column-gap-no\">\n\t\t\t\t\t<div class=\"elementor-column elementor-col-50 elementor-top-column elementor-element elementor-element-4f90d989\" data-id=\"4f90d989\" data-element_type=\"column\" data-e-type=\"column\">\n\t\t\t<div class=\"elementor-widget-wrap elementor-element-populated\">\n\t\t\t\t\t\t<div class=\"elementor-element elementor-element-22ab47a0 elementor-widget__width-inherit elementor-absolute elementor-widget-divider--view-line elementor-widget elementor-widget-divider\" data-id=\"22ab47a0\" data-element_type=\"widget\" data-e-type=\"widget\" data-settings=\"{&quot;_position&quot;:&quot;absolute&quot;}\" data-widget_type=\"divider.default\">\n\t\t\t\t<div class=\"elementor-widget-container\">\n\t\t\t\t\t\t\t<div class=\"elementor-divider\">\n\t\t\t<span class=\"elementor-divider-separator\">\n\t\t\t\t\t\t<\/span>\n\t\t<\/div>\n\t\t\t\t\t\t<\/div>\n\t\t\t\t<\/div>\n\t\t\t\t<div class=\"elementor-element elementor-element-63153f2e elementor-widget__width-inherit elementor-absolute elementor-widget elementor-widget-heading\" data-id=\"63153f2e\" data-element_type=\"widget\" data-e-type=\"widget\" data-settings=\"{&quot;_position&quot;:&quot;absolute&quot;}\" data-widget_type=\"heading.default\">\n\t\t\t\t<div class=\"elementor-widget-container\">\n\t\t\t\t\t<h2 class=\"elementor-heading-title elementor-size-default\">Datenschutzerkl\u00e4rung\nPlankenauer GmbH<\/h2>\t\t\t\t<\/div>\n\t\t\t\t<\/div>\n\t\t\t\t\t<\/div>\n\t\t<\/div>\n\t\t\t\t<div class=\"elementor-column elementor-col-50 elementor-top-column elementor-element elementor-element-5e3b25eb\" data-id=\"5e3b25eb\" data-element_type=\"column\" data-e-type=\"column\">\n\t\t\t<div class=\"elementor-widget-wrap elementor-element-populated\">\n\t\t\t\t\t\t<div class=\"elementor-element elementor-element-69cd8f35 elementor-widget elementor-widget-text-editor\" data-id=\"69cd8f35\" data-element_type=\"widget\" data-e-type=\"widget\" data-widget_type=\"text-editor.default\">\n\t\t\t\t<div class=\"elementor-widget-container\">\n\t\t\t\t\t\t\t\t\t<p style=\"text-align: center;\"><strong>\u00a0<\/strong><\/p><p><strong>\u00a0<\/strong><\/p><p>Es ist uns ein besonderes Anliegen, alle personenbezogenen Daten, die Sie uns anl\u00e4sslich Ihres Besuchs auf unserer Webseite anvertrauen, zu sch\u00fctzen und sicher zu verwahren. In diesem Dokument erfahren Sie mehr dar\u00fcber, wie wir Ihre Daten verwenden und verarbeiten.<\/p><p><strong>Rechtsgrundlage &amp; Grunds\u00e4tzliches<\/strong><\/p><p>Die EU-Datenschutz-Grundverordnung (DSGVO) sowie das Bundesgesetz \u00fcber den Datenschutz dienen dem Recht auf Schutz personenbezogener Daten. Wir verarbeiten Ihre Daten ausschlie\u00dflich auf Grundlage der gesetzlichen Bestimmungen.<\/p><p>Als personenbezogene Daten werden s\u00e4mtliche Informationen bezeichnet, welche dazu genutzt werden k\u00f6nnen, Ihre Identit\u00e4t zu erfahren. Dazu geh\u00f6ren Ihr Name, Adresse, Telefonnummer sowie Ihre E-Mailadresse.<\/p><p>Die rechtlichen Grundlagen f\u00fcr die Verarbeitung Ihrer personenbezogenen Daten sind einerseits Vertragserf\u00fcllung (Produkt-Bestellungen), berechtigte Interessen sowie andererseits Ihre Einwilligung.<\/p><p>Zur statistischen Auswertung der Website-Zugriffe verwenden wir Logs. Diese enthalten die aufgerufenen URLs und IP Adressen.<\/p><p>Wir verarbeiten Ihre personenbezogenen Daten, soweit erforderlich, f\u00fcr die Dauer der gesamten Gesch\u00e4ftsbeziehung (von der Anbahnung, Abwicklung bis zur Beendigung eines Vertrags) sowie dar\u00fcber hinaus gem\u00e4\u00df gesetzlichen, satzungsm\u00e4ssiger oder vertraglicher Aufbewahrungs- und Dokumentationspflichten. Diese Daten sind nur befugten Personen \u00fcber Passw\u00f6rter zug\u00e4nglich.<\/p><p>Wir verwenden Ihre personenbezogenen Daten nur f\u00fcr oben erw\u00e4hnte Zwecke. Die Daten werden ohne Ihre ausdr\u00fcckliche Zustimmung grunds\u00e4tzlich nicht an weitere Dritte weitergegeben. Soweit wir gesetzlich oder per Gerichtsbeschluss dazu verpflichtet sind, werden wir Ihre Daten an auskunftsberechtigte Stellen \u00fcbermitteln.<\/p><p><strong>Kontaktformular \/ Antragen<\/strong><\/p><p>Ihre Angaben inklusive pers\u00f6nlicher Daten aus unserem Kontaktformular werden \u00fcber unseren eigenen Mailserver an uns \u00fcbermittelt, weiterverarbeitet und bei uns gespeichert. Diese Daten werden ohne Ihre Einverst\u00e4ndniserkl\u00e4rung nicht erhoben oder weitergegeben. Ohne diese Daten k\u00f6nnen wir jedoch Ihre Anfragen nicht bearbeiten.<\/p><p><strong>Cookies<\/strong><\/p><p>Bei Internet-Cookies handelt es sich um kleine Datenpakete, die von Ihrem Browser auf dem Festplattenlaufwerk Ihres Computers gespeichert werden. Wir verwenden auf unserer Website Cookies. Solche Cookies sind notwendig, damit Sie sich auf der Website frei bewegen und deren Features nutzen k\u00f6nnen; hierzu geh\u00f6rt u. a. auch der Zugriff auf gesicherte Bereiche der Website. Cookies sind aus technischen Gr\u00fcnden notwendig.<br \/>Durch die Nutzung unserer Website willigen Sie ein, dass wir Cookies setzen.<\/p><p>Die meisten Browser sind so eingestellt, dass sie Cookies automatisch akzeptieren. Sie k\u00f6nnen das Speichern von Cookies jedoch deaktivieren oder Ihren Browser so einstellen, dass er Sie benachrichtigt, sobald Cookies gesendet werden.<br \/>Wenn Sie sich gegen bestimmte technische und\/oder funktionelle Cookies entscheiden, k\u00f6nnte die Funktionalit\u00e4t unserer Website eventuell eingeschr\u00e4nkt werden. Einige Cookies bleiben auf Ihrem Endger\u00e4t gespeichert, bis Sie diese l\u00f6schen.<\/p><p><strong>Minderj\u00e4hrigenschutz<\/strong><\/p><p>Grunds\u00e4tzlich verarbeiten wir keine Daten minderj\u00e4hriger Personen und sind dazu auch nicht befugt. Mit der Abgabe Ihrer Zustimmung best\u00e4tigen Sie, dass Sie das 18. Lebensjahr vollendet haben oder die Zustimmung Ihres gesetzlichen Vertreters vorliegt.<\/p><p><strong>Links zu anderen Websites<\/strong><\/p><p>Unser Online-Angebot enth\u00e4lt Links zu anderen Websites. Wir haben keinen Einfluss darauf, dass deren Betreiber die Datenschutzbestimmungen einhalten.<\/p><p><strong>Google Analytics<\/strong><\/p><p>Diese Website benutzt Google Analytics, einen Webanalysedienst der Google Inc. (&#171;Google&#187;). Google Analytics verwendet sog. &#171;Cookies&#187;, Textdateien, die auf Ihrem Computer gespeichert werden und die eine Analyse der Benutzung der Website durch Sie erm\u00f6glichen. Die durch den Cookie erzeugten Informationen \u00fcber Ihre Benutzung dieser Website werden in der Regel an einen Server von Google in den USA \u00fcbertragen und dort gespeichert.<\/p><p>Google wird diese Informationen in unserem Auftrag benutzen, um Ihre Nutzung der Website auszuwerten, um Reports \u00fcber die Websiteaktivit\u00e4ten zusammenzustellen und um weitere mit der Websitenutzung und der Internetnutzung verbundene Dienstleistungen uns gegen\u00fcber zu erbringen. Die im Rahmen von Google Analytics von Ihrem Browser \u00fcbermittelte IP-Adresse wird nicht mit anderen Daten von Google zusammengef\u00fchrt.<\/p><p>Sie k\u00f6nnen die Speicherung der Cookies durch eine entsprechende Einstellung Ihrer Browser-Software verhindern; wir weisen Sie jedoch darauf hin, dass Sie in diesem Fall gegebenenfalls nicht s\u00e4mtliche Funktionen dieser Website vollumf\u00e4nglich werden nutzen k\u00f6nnen. Sie k\u00f6nnen dar\u00fcber hinaus die Erfassung der durch das Cookie erzeugten und auf Ihre Nutzung der Website bezogenen Daten (inkl. Ihrer IP-Adresse) an Google sowie die Verarbeitung dieser Daten durch Google verhindern, indem sie das unter dem folgenden Link verf\u00fcgbare Browser-Plugin herunterladen und installieren: <a href=\"http:\/\/tools.google.com\/dlpage\/gaoptout?hl=de\">http:\/\/tools.google.com\/dlpage\/gaoptout?hl=de.<\/a><\/p><p>Mobile Nutzer haben zus\u00e4tzlich die M\u00f6glichkeit eines OptOuts f\u00fcr die Speicherung der Cookies:<\/p><p><a href=\"https:\/\/www.hosttech.ch\/datenschutz#gaOptout\">Google Analytics deaktivieren<\/a><\/p><p>Weitere Informationen zur Datennutzung zu Werbezwecken durch Google, Einstellungs- und Widerspruchsm\u00f6glichkeiten erfahren Sie auf den Webseiten von Google: <a href=\"https:\/\/www.google.com\/intl\/de\/policies\/privacy\/partners\/\">www.google.com\/intl\/de\/policies\/privacy\/partners\/<\/a> (\u201eDatennutzung durch Google bei Ihrer Nutzung von Websites oder Apps unserer Partner\u201c), <a href=\"http:\/\/www.google.com\/policies\/technologies\/ads\">www.google.com\/policies\/technologies\/ads<\/a> (\u201eDatennutzung zu Werbezwecken\u201c), <a href=\"http:\/\/www.google.de\/settings\/ads\">www.google.de\/settings\/ads<\/a> (\u201eInformationen verwalten, die Google verwendet, um Ihnen Werbung einzublenden\u201c) und <a href=\"http:\/\/www.google.com\/ads\/preferences\/\">www.google.com\/ads\/preferences\/<\/a> (\u201eBestimmen Sie, welche Werbung Google Ihnen zeigt\u201c).<\/p><p><strong>LinkedIn<br \/><\/strong>https:\/\/de.linkedin.com\/legal\/user-agreement?trk=%7Berror-page%7D-user-agreement<strong><br \/><\/strong><\/p><p><strong style=\"font-size: 16px;\">Instagram<br \/><\/strong>https:\/\/privacycenter.instagram.com\/policy\/?entry_point=ig_help_center_data_policy_redirect<strong><br \/><\/strong><\/p><p><strong>Auskunft, Berichtigung, L\u00f6schung und Sperrung Ihrer Daten<\/strong><\/p><p>Sie haben das Recht auf unentgeltliche Auskunft \u00fcber Ihre gespeicherten personenbezogenen Daten, deren Herkunft und Empf\u00e4nger und den Zweck der Datenverarbeitung sowie ein Recht auf Berichtigung, Sperrung oder L\u00f6schung dieser Daten. Hierzu sowie zu weiteren Fragen zum Thema personenbezogene Daten k\u00f6nnen Sie sich jederzeit \u00fcber die im Impressum angegebene Adresse des Webseitenbetreibers an uns wenden.<\/p><p>Bitte beachten Sie, dass eine Bearbeitung dieser Anfragen mehrere Arbeitstage beanspruchen kann.<\/p><p>Sofern einer L\u00f6schung gesetzliche, vertragliche oder handels- bzw. steuerrechtliche Aufbewahrungsfristen oder sonstige gesetzlich verankerte Gr\u00fcnde entgegenstehen, kann anstelle einer L\u00f6schung nur eine Sperrung Ihrer Daten erfolgen.<\/p><p><strong>Datenschutzgesetze<\/strong><\/p><p>Der Schutz Ihrer Daten ist uns ein grosses Anliegen. Deshalb setzen wir technische und organisatorische Sicherheitsma\u00dfnahmen ein, um die gespeicherten personenbezogenen Daten gegen zuf\u00e4llige oder vors\u00e4tzliche Manipulation, Verlust oder Zerst\u00f6rung und gegen den Zugriff unberechtigter Personen zu sch\u00fctzen. Unsere Sicherheitsma\u00dfnahmen werden entsprechend des technischen Fortschritts fortlaufend \u00fcberpr\u00fcft und verbessert.<\/p><p><strong>Contact<\/strong><\/p><p>Bei Fragen betreffend unserer Datenschutzerkl\u00e4rung oder Ihrer Rechte wenden Sie sich bitte an uns unter <a href=\"mailto:postfach@hosttech.ch\">info@plankenauer.ch<\/a> oder schreiben Sie an:<\/p><p>Plankenauer GmbH<br \/>Erachfeldstrasse 8<br \/>CH-8180 B\u00fclach \/Zh<\/p>\t\t\t\t\t\t\t\t<\/div>\n\t\t\t\t<\/div>\n\t\t\t\t\t<\/div>\n\t\t<\/div>\n\t\t\t\t\t<\/div>\n\t\t<\/section>\n\t\t\t\t<\/div>","protected":false},"excerpt":{"rendered":"<p>Datenschutzerkl\u00e4rung Plankenauer GmbH \u00a0 \u00a0 Es ist uns ein besonderes Anliegen, alle personenbezogenen Daten, die Sie uns anl\u00e4sslich Ihres Besuchs auf unserer Webseite anvertrauen, zu sch\u00fctzen und sicher zu verwahren. In diesem Dokument erfahren Sie mehr dar\u00fcber, wie wir Ihre Daten verwenden und verarbeiten. Rechtsgrundlage &amp; Grunds\u00e4tzliches Die EU-Datenschutz-Grundverordnung (DSGVO) sowie das Bundesgesetz \u00fcber den [&hellip;]<\/p>\n","protected":false},"author":1,"featured_media":0,"parent":0,"menu_order":0,"comment_status":"closed","ping_status":"closed","template":"","meta":{"footnotes":""},"class_list":["post-1273","page","type-page","status-publish","hentry"],"_links":{"self":[{"href":"https:\/\/plankenauer.ch\/en\/wp-json\/wp\/v2\/pages\/1273","targetHints":{"allow":["GET"]}}],"collection":[{"href":"https:\/\/plankenauer.ch\/en\/wp-json\/wp\/v2\/pages"}],"about":[{"href":"https:\/\/plankenauer.ch\/en\/wp-json\/wp\/v2\/types\/page"}],"author":[{"embeddable":true,"href":"https:\/\/plankenauer.ch\/en\/wp-json\/wp\/v2\/users\/1"}],"replies":[{"embeddable":true,"href":"https:\/\/plankenauer.ch\/en\/wp-json\/wp\/v2\/comments?post=1273"}],"version-history":[{"count":0,"href":"https:\/\/plankenauer.ch\/en\/wp-json\/wp\/v2\/pages\/1273\/revisions"}],"wp:attachment":[{"href":"https:\/\/plankenauer.ch\/en\/wp-json\/wp\/v2\/media?parent=1273"}],"curies":[{"name":"wp","href":"https:\/\/api.w.org\/{rel}","templated":true}]}}